{"id":28,"date":"2023-01-16T09:50:53","date_gmt":"2023-01-16T09:50:53","guid":{"rendered":"https:\/\/themes.muffingroup.com\/be\/company4\/?page_id=28"},"modified":"2023-01-17T14:55:05","modified_gmt":"2023-01-17T14:55:05","slug":"home","status":"publish","type":"page","link":"https:\/\/mf-foryou.com\/","title":{"rendered":"Home"},"content":{"rendered":"","protected":false},"excerpt":{"rendered":"","protected":false},"author":1,"featured_media":0,"parent":0,"menu_order":0,"comment_status":"closed","ping_status":"closed","template":"","meta":[],"yoast_head":"<!-- This site is optimized with the Yoast SEO plugin v19.14 - https:\/\/yoast.com\/wordpress\/plugins\/seo\/ -->\n<title>mf-foryou - Services and Consulting<\/title>\n<meta name=\"description\" content=\"A FMOS \u2013 Services and Consulting, Lda. apresenta-se como um parceiro de excel\u00eancia na Presta\u00e7\u00e3o de Servi\u00e7os Especializados de Engenharia\" \/>\n<meta name=\"robots\" content=\"index, follow, max-snippet:-1, max-image-preview:large, max-video-preview:-1\" \/>\n<link rel=\"canonical\" href=\"https:\/\/mf-foryou.com\/\" \/>\n<meta property=\"og:locale\" content=\"pt_PT\" \/>\n<meta property=\"og:type\" content=\"article\" \/>\n<meta property=\"og:title\" content=\"mf-foryou - Services and Consulting\" \/>\n<meta property=\"og:description\" content=\"A FMOS \u2013 Services and Consulting, Lda. apresenta-se como um parceiro de excel\u00eancia na Presta\u00e7\u00e3o de Servi\u00e7os Especializados de Engenharia\" \/>\n<meta property=\"og:url\" content=\"https:\/\/mf-foryou.com\/\" \/>\n<meta property=\"og:site_name\" content=\"mf-foryou\" \/>\n<meta property=\"article:modified_time\" content=\"2023-01-17T14:55:05+00:00\" \/>\n<meta name=\"twitter:card\" content=\"summary_large_image\" \/>\n<script type=\"application\/ld+json\" class=\"yoast-schema-graph\">{\"@context\":\"https:\/\/schema.org\",\"@graph\":[{\"@type\":\"WebPage\",\"@id\":\"https:\/\/mf-foryou.com\/\",\"url\":\"https:\/\/mf-foryou.com\/\",\"name\":\"mf-foryou - Services and Consulting\",\"isPartOf\":{\"@id\":\"https:\/\/mf-foryou.com\/#website\"},\"datePublished\":\"2023-01-16T09:50:53+00:00\",\"dateModified\":\"2023-01-17T14:55:05+00:00\",\"description\":\"A FMOS \u2013 Services and Consulting, Lda. apresenta-se como um parceiro de excel\u00eancia na Presta\u00e7\u00e3o de Servi\u00e7os Especializados de Engenharia\",\"breadcrumb\":{\"@id\":\"https:\/\/mf-foryou.com\/#breadcrumb\"},\"inLanguage\":\"pt-PT\",\"potentialAction\":[{\"@type\":\"ReadAction\",\"target\":[\"https:\/\/mf-foryou.com\/\"]}]},{\"@type\":\"BreadcrumbList\",\"@id\":\"https:\/\/mf-foryou.com\/#breadcrumb\",\"itemListElement\":[{\"@type\":\"ListItem\",\"position\":1,\"name\":\"In\u00edcio\",\"item\":\"https:\/\/mf-foryou.com\/\"},{\"@type\":\"ListItem\",\"position\":2,\"name\":\"Home\"}]},{\"@type\":\"WebSite\",\"@id\":\"https:\/\/mf-foryou.com\/#website\",\"url\":\"https:\/\/mf-foryou.com\/\",\"name\":\"mf-foryou\",\"description\":\"Services and Consulting\",\"publisher\":{\"@id\":\"https:\/\/mf-foryou.com\/#organization\"},\"potentialAction\":[{\"@type\":\"SearchAction\",\"target\":{\"@type\":\"EntryPoint\",\"urlTemplate\":\"https:\/\/mf-foryou.com\/?s={search_term_string}\"},\"query-input\":\"required name=search_term_string\"}],\"inLanguage\":\"pt-PT\"},{\"@type\":\"Organization\",\"@id\":\"https:\/\/mf-foryou.com\/#organization\",\"name\":\"mf-foryou\",\"url\":\"https:\/\/mf-foryou.com\/\",\"logo\":{\"@type\":\"ImageObject\",\"inLanguage\":\"pt-PT\",\"@id\":\"https:\/\/mf-foryou.com\/#\/schema\/logo\/image\/\",\"url\":\"https:\/\/mf-foryou.com\/wp-content\/uploads\/2021\/09\/for-you.png\",\"contentUrl\":\"https:\/\/mf-foryou.com\/wp-content\/uploads\/2021\/09\/for-you.png\",\"width\":641,\"height\":435,\"caption\":\"mf-foryou\"},\"image\":{\"@id\":\"https:\/\/mf-foryou.com\/#\/schema\/logo\/image\/\"}}]}<\/script>\n<!-- \/ Yoast SEO plugin. -->","yoast_head_json":{"title":"mf-foryou - Services and Consulting","description":"A FMOS \u2013 Services and Consulting, Lda. apresenta-se como um parceiro de excel\u00eancia na Presta\u00e7\u00e3o de Servi\u00e7os Especializados de Engenharia","robots":{"index":"index","follow":"follow","max-snippet":"max-snippet:-1","max-image-preview":"max-image-preview:large","max-video-preview":"max-video-preview:-1"},"canonical":"https:\/\/mf-foryou.com\/","og_locale":"pt_PT","og_type":"article","og_title":"mf-foryou - Services and Consulting","og_description":"A FMOS \u2013 Services and Consulting, Lda. apresenta-se como um parceiro de excel\u00eancia na Presta\u00e7\u00e3o de Servi\u00e7os Especializados de Engenharia","og_url":"https:\/\/mf-foryou.com\/","og_site_name":"mf-foryou","article_modified_time":"2023-01-17T14:55:05+00:00","twitter_card":"summary_large_image","schema":{"@context":"https:\/\/schema.org","@graph":[{"@type":"WebPage","@id":"https:\/\/mf-foryou.com\/","url":"https:\/\/mf-foryou.com\/","name":"mf-foryou - Services and Consulting","isPartOf":{"@id":"https:\/\/mf-foryou.com\/#website"},"datePublished":"2023-01-16T09:50:53+00:00","dateModified":"2023-01-17T14:55:05+00:00","description":"A FMOS \u2013 Services and Consulting, Lda. apresenta-se como um parceiro de excel\u00eancia na Presta\u00e7\u00e3o de Servi\u00e7os Especializados de Engenharia","breadcrumb":{"@id":"https:\/\/mf-foryou.com\/#breadcrumb"},"inLanguage":"pt-PT","potentialAction":[{"@type":"ReadAction","target":["https:\/\/mf-foryou.com\/"]}]},{"@type":"BreadcrumbList","@id":"https:\/\/mf-foryou.com\/#breadcrumb","itemListElement":[{"@type":"ListItem","position":1,"name":"In\u00edcio","item":"https:\/\/mf-foryou.com\/"},{"@type":"ListItem","position":2,"name":"Home"}]},{"@type":"WebSite","@id":"https:\/\/mf-foryou.com\/#website","url":"https:\/\/mf-foryou.com\/","name":"mf-foryou","description":"Services and Consulting","publisher":{"@id":"https:\/\/mf-foryou.com\/#organization"},"potentialAction":[{"@type":"SearchAction","target":{"@type":"EntryPoint","urlTemplate":"https:\/\/mf-foryou.com\/?s={search_term_string}"},"query-input":"required name=search_term_string"}],"inLanguage":"pt-PT"},{"@type":"Organization","@id":"https:\/\/mf-foryou.com\/#organization","name":"mf-foryou","url":"https:\/\/mf-foryou.com\/","logo":{"@type":"ImageObject","inLanguage":"pt-PT","@id":"https:\/\/mf-foryou.com\/#\/schema\/logo\/image\/","url":"https:\/\/mf-foryou.com\/wp-content\/uploads\/2021\/09\/for-you.png","contentUrl":"https:\/\/mf-foryou.com\/wp-content\/uploads\/2021\/09\/for-you.png","width":641,"height":435,"caption":"mf-foryou"},"image":{"@id":"https:\/\/mf-foryou.com\/#\/schema\/logo\/image\/"}}]}},"_links":{"self":[{"href":"https:\/\/mf-foryou.com\/index.php?rest_route=\/wp\/v2\/pages\/28"}],"collection":[{"href":"https:\/\/mf-foryou.com\/index.php?rest_route=\/wp\/v2\/pages"}],"about":[{"href":"https:\/\/mf-foryou.com\/index.php?rest_route=\/wp\/v2\/types\/page"}],"author":[{"embeddable":true,"href":"https:\/\/mf-foryou.com\/index.php?rest_route=\/wp\/v2\/users\/1"}],"replies":[{"embeddable":true,"href":"https:\/\/mf-foryou.com\/index.php?rest_route=%2Fwp%2Fv2%2Fcomments&post=28"}],"version-history":[{"count":2,"href":"https:\/\/mf-foryou.com\/index.php?rest_route=\/wp\/v2\/pages\/28\/revisions"}],"predecessor-version":[{"id":156,"href":"https:\/\/mf-foryou.com\/index.php?rest_route=\/wp\/v2\/pages\/28\/revisions\/156"}],"wp:attachment":[{"href":"https:\/\/mf-foryou.com\/index.php?rest_route=%2Fwp%2Fv2%2Fmedia&parent=28"}],"curies":[{"name":"wp","href":"https:\/\/api.w.org\/{rel}","templated":true}]}}